{"id":113,"date":"2023-10-29T16:58:49","date_gmt":"2023-10-29T15:58:49","guid":{"rendered":"http:\/\/morgenthaler.net\/wordpress\/?page_id=113"},"modified":"2025-05-26T19:51:29","modified_gmt":"2025-05-26T17:51:29","slug":"herkunft-morgenthaler","status":"publish","type":"page","link":"https:\/\/morgenthaler.net\/wordpress\/de\/herkunft-morgenthaler\/","title":{"rendered":"Herkunft Morgenthaler"},"content":{"rendered":"<p style=\"text-align: left;\" align=\"right\"><span lang=\"DE\">Der Familiennamen Morgenthaler entstammt\u00a0der Bennung einer Person nach ihrer geografischen Herkunft: <em>die Person vom Morgen-Thal.<\/em> (fr\u00fchere Schreibweise von Tal war <em>Thal<\/em>) Aber wo k\u00f6nnte dieses <em>Morgenthal<\/em> gelegen haben? Gab es vielleicht auch mehrere Morgen-T\u00e4ler und hat sich somit der Name mehrmals entwickelt? Diese Seite soll versuchen, solche Fragen zu beantworten.<br \/>\n<\/span><\/p>\n<figure id=\"attachment_412\" aria-describedby=\"caption-attachment-412\" style=\"width: 625px\" class=\"wp-caption alignnone\"><img loading=\"lazy\" decoding=\"async\" class=\"wp-image-412 size-large\" src=\"https:\/\/morgenthaler.net\/wordpress\/wp-content\/uploads\/2017\/03\/Affoltern_im_Emmental-1024x683.jpg\" alt=\"Luftaufnahme Affoltern im Emmental\" width=\"625\" height=\"417\" srcset=\"https:\/\/morgenthaler.net\/wordpress\/wp-content\/uploads\/2017\/03\/Affoltern_im_Emmental-1024x683.jpg 1024w, https:\/\/morgenthaler.net\/wordpress\/wp-content\/uploads\/2017\/03\/Affoltern_im_Emmental-300x200.jpg 300w, https:\/\/morgenthaler.net\/wordpress\/wp-content\/uploads\/2017\/03\/Affoltern_im_Emmental-768x512.jpg 768w, https:\/\/morgenthaler.net\/wordpress\/wp-content\/uploads\/2017\/03\/Affoltern_im_Emmental-960x640.jpg 960w\" sizes=\"auto, (max-width: 625px) 100vw, 625px\" \/><figcaption id=\"caption-attachment-412\" class=\"wp-caption-text\">Affoltern im Emmental (BE). Ein Ort, an dem Personen mit dem Familiennamen Morgenthaler heimatberechigt sind. Bild: www.luftbilder-der-schweiz.ch<\/figcaption><\/figure>\n<h6 style=\"text-align: left;\" align=\"right\"><\/h6>\n<p style=\"text-align: left;\" align=\"right\"><strong><span lang=\"DE\">Morgenthaler in der Schweiz <\/span><\/strong><\/p>\n<p style=\"text-align: left;\" align=\"right\">Jeder Schweizer B\u00fcrger hat einen sogenannten Heimatort. Dieser wird vom Vater geerbt. Eine Frau erh\u00e4lt bei Heirat zus\u00e4tzlich den Heimatort des Ehemannes. Die Idee des Heimatort stammt aus vergangener Zeit, als es noch keine soziale Sicherheit gab. Personen, welche Eltern, Familie oder ihre Existenz verloren hatten, konnten sich an den Heimatort wenden.<\/p>\n<p style=\"text-align: left;\" align=\"right\"><span lang=\"DE\">Betrachtet man die unten stehende Karte mit den Schweizer Orten, in denen Morgenthaler heimatberechtigt sind, so fallen zwei Gruppen auf: drei Orte im Aargau der Suhre entlang und vier Orte im Emmental.\u00a0Betrachtet man die <a href=\"https:\/\/morgenthaler.net\/wordpress\/de\/familienwappen\/\">Familienwappen<\/a>, so scheinen die Familien teilweise gleiche Wurzeln zu haben. In diesen h\u00fcgeligen Regionen gibt es viele T\u00e4ler, die man <em>Morgenthal<\/em> h\u00e4tte nennen k\u00f6nnen. (Karte zum Vergr\u00f6ssern anklicken)<br \/>\n<\/span><\/p>\n<figure id=\"attachment_334\" aria-describedby=\"caption-attachment-334\" style=\"width: 625px\" class=\"wp-caption alignnone\"><a href=\"https:\/\/morgenthaler.net\/wordpress\/wp-content\/uploads\/2017\/03\/Morg_geo_gross.jpg\"><img loading=\"lazy\" decoding=\"async\" class=\"wp-image-334 size-large\" src=\"https:\/\/morgenthaler.net\/wordpress\/wp-content\/uploads\/2017\/03\/Morg_geo_gross-1024x630.jpg\" alt=\"Karte Morgenthaler-Orte der Schweiz\" width=\"625\" height=\"385\" srcset=\"https:\/\/morgenthaler.net\/wordpress\/wp-content\/uploads\/2017\/03\/Morg_geo_gross-1024x630.jpg 1024w, https:\/\/morgenthaler.net\/wordpress\/wp-content\/uploads\/2017\/03\/Morg_geo_gross-300x184.jpg 300w, https:\/\/morgenthaler.net\/wordpress\/wp-content\/uploads\/2017\/03\/Morg_geo_gross-768x472.jpg 768w, https:\/\/morgenthaler.net\/wordpress\/wp-content\/uploads\/2017\/03\/Morg_geo_gross-960x590.jpg 960w, https:\/\/morgenthaler.net\/wordpress\/wp-content\/uploads\/2017\/03\/Morg_geo_gross.jpg 2048w\" sizes=\"auto, (max-width: 625px) 100vw, 625px\" \/><\/a><figcaption id=\"caption-attachment-334\" class=\"wp-caption-text\">At: Attelwil (AG), wobei Attelwil seit 2019 keine Einwohnergemeinde mehr ist, sondern mit Reitnau fusionierte.<br \/>St: Staffelbach (AG)<br \/>Ue: Uerkheim (AG)<br \/>Ur: Ursenbach (BE)<br \/>Wa: Walterswil (BE)<br \/>D\u00fc: D\u00fcrrenroth (BE)<br \/>Af: Affoltern (BE)<br \/>Mu: Murgenthal Ort und Fluss Murg <br \/>Bildquelle: App \"Atlas of Switzerland\" von www.atlasderschweiz.ch<\/figcaption><\/figure>\n<p style=\"text-align: left;\" align=\"right\"><span lang=\"DE\">\u00a0<\/span><\/p>\n<p style=\"text-align: left;\" align=\"right\"><span lang=\"DE\">Unten stehende Karte zeigt die Namensverteilung des Familiennamens Morgenthaler in der Schweiz im Jahr 2008. Eine H\u00e4ufung ist in den gleichen Regionen auszumachen.<br \/>\n<\/span><\/p>\n<figure id=\"attachment_342\" aria-describedby=\"caption-attachment-342\" style=\"width: 650px\" class=\"wp-caption alignnone\"><img loading=\"lazy\" decoding=\"async\" class=\"wp-image-342 size-full\" src=\"https:\/\/morgenthaler.net\/wordpress\/wp-content\/uploads\/2017\/03\/morgenthaler_absolute.png\" alt=\"Karte Namensverteilung Morgenthaler in der Schweiz\" width=\"650\" height=\"420\" srcset=\"https:\/\/morgenthaler.net\/wordpress\/wp-content\/uploads\/2017\/03\/morgenthaler_absolute.png 650w, https:\/\/morgenthaler.net\/wordpress\/wp-content\/uploads\/2017\/03\/morgenthaler_absolute-300x194.png 300w\" sizes=\"auto, (max-width: 650px) 100vw, 650px\" \/><figcaption id=\"caption-attachment-342\" class=\"wp-caption-text\">Bild von der Webseite www.verwandt.ch, welche inzwischen nicht mehr existiert.<\/figcaption><\/figure>\n<h6 style=\"text-align: left;\" align=\"right\"><\/h6>\n<p style=\"text-align: left;\" align=\"right\"><strong><span lang=\"DE\">Morgenthaler in Deutschland<\/span><\/strong><\/p>\n<p style=\"text-align: left;\" align=\"right\"><span lang=\"DE\">Unten stehende Karte zeigt die Namensverteilung des Familiennamens Morgenthaler in Deutschland 2008. Eine H\u00e4ufung im s\u00fcdlichen Rheinland f\u00e4llt auf; daneben noch eine in Berlin.<\/span><\/p>\n<p style=\"text-align: left;\" align=\"right\">Die rheinl\u00e4ndische Herkunft der Morgenthaler liegt wohl daran, dass nach dem 30-j\u00e4hrigen Krieg das Rheinland ein beliebtes Auswanderungsziel f\u00fcr Schweizer Bauern war. Bauerns\u00f6hne ohne Aussicht auf eigenes Land in der Schweiz zog es in Gebiete wie das Rheinland, welche der Krieg sehr stark entv\u00f6lkert hatte. (Quelle: <a href=\"https:\/\/hog-jarek.de\/familie-morgenthaler-316.html\" target=\"_blank\" rel=\"noopener\">Herkunft der Familie Morgenthaler auf der Webseite der Heimats- und Ortsgemeinschaft von Jarek<\/a>)<\/p>\n<figure id=\"attachment_343\" aria-describedby=\"caption-attachment-343\" style=\"width: 520px\" class=\"wp-caption alignnone\"><img loading=\"lazy\" decoding=\"async\" class=\"wp-image-343 size-full\" src=\"https:\/\/morgenthaler.net\/wordpress\/wp-content\/uploads\/2017\/03\/morgenthaler_de_absolute.png\" alt=\"Karte Namensverteilung Morgenthaler in Deutschland\" width=\"520\" height=\"620\" srcset=\"https:\/\/morgenthaler.net\/wordpress\/wp-content\/uploads\/2017\/03\/morgenthaler_de_absolute.png 520w, https:\/\/morgenthaler.net\/wordpress\/wp-content\/uploads\/2017\/03\/morgenthaler_de_absolute-252x300.png 252w\" sizes=\"auto, (max-width: 520px) 100vw, 520px\" \/><figcaption id=\"caption-attachment-343\" class=\"wp-caption-text\">Bild von der Webseite www.verwandt.de, welche inzwischen nicht mehr existiert.<\/figcaption><\/figure>\n<h6 style=\"text-align: left;\" align=\"right\"><\/h6>\n<p style=\"text-align: left;\" align=\"right\"><strong>Schweiz oder Deutschland?<\/strong><\/p>\n<p style=\"text-align: left;\" align=\"right\"><span lang=\"DE\">Der Seitenautor schliesst aufgrund der ihm vorliegenden Quellen auf einen einmaligen oder parallel in der Schweiz entstanden Ursprung des Namens Morgenthaler mit sp\u00e4terer Auswanderung ins Rheinland.<br \/>\nDaneben ist ein weiterer Ursprung in Deutschland ohne Schweizer Wurzeln denkbar, aber es liegen dem Seitenautor keine Quellen vor.<\/span><\/p>\n<p style=\"text-align: left;\" align=\"right\">Bitte kontaktieren Sie <a href=\"https:\/\/morgenthaler.net\/wordpress\/de\/impressum\/\">den Seitenautor<\/a>, falls Sie \u00fcber Ideen, Theorien oder Quellen zu diesem Thema verf\u00fcgen.<\/p>\n<h6 style=\"text-align: left;\" align=\"right\"><\/h6>\n<p style=\"text-align: left;\" align=\"right\"><strong>Morgenthaler weltweit<\/strong><\/p>\n<p style=\"text-align: left;\" align=\"right\">Die Webseite <a href=\"http:\/\/www.publicprofiler.org\/worldnames\" target=\"_blank\" rel=\"noopener noreferrer\">Publicprofiler<\/a> bietet die M\u00f6glichkeit darzustellen, wie Familiennamen auf der Erde verteilt sind: Das Morgenthaler-Zentrum liegt im Kanton Bern der Schweiz. Die Verteilung in Europa und weltweit deutet auf Auswanderung in typische Schweizer Auswanderungsgebiete hin. (Deutschland, Frankreich, \u00d6sterreich, England, USA, Neuseeland).<\/p>\n<p style=\"text-align: left;\" align=\"right\">\nErw\u00e4hnenswert ist dieser gut dokumentierte Auswanderungsweg von Schweizer Morgenthaler:<br \/>\n<strong>1)<\/strong> Zuerst ins s\u00fcdliche Rheinland, welches der 30-j\u00e4hrigen Krieg (1618 bis 1648) stark entv\u00f6lkert hatte.<br \/>\n<strong>2)<\/strong> Von dort in den Ort Jarek in der Batschka (rot B auf unten stehender Karte) an der Donau im heutigen Serbien. Zur Zeit des \"Dritten Schwabenzuges\" (1782 - 1787) wanderten auch Morgenthaler als Siedler auf Einladung des Habsburgischen Monarchen Josef II in dortige deutsche Siedlungen aus.<br \/>\n<strong>3)<\/strong> Von dort wegen von Flucht im 2. Weltkrieg 1944 nach Berlin, in die USA und nach Kanada. (Quelle: <a href=\"http:\/\/www.hog-jarek.de\" target=\"_blank\" rel=\"noopener\">Webseite Heimats- und Ortsgemeinschaft Jarek in der Batschka<\/a>)<\/p>\n<figure id=\"attachment_1119\" aria-describedby=\"caption-attachment-1119\" style=\"width: 1024px\" class=\"wp-caption alignnone\"><img loading=\"lazy\" decoding=\"async\" class=\"wp-image-1119 size-full\" src=\"https:\/\/morgenthaler.net\/wordpress\/wp-content\/uploads\/2023\/11\/profiler_euro-batschka.jpg\" alt=\"\" width=\"1024\" height=\"949\" srcset=\"https:\/\/morgenthaler.net\/wordpress\/wp-content\/uploads\/2023\/11\/profiler_euro-batschka.jpg 1024w, https:\/\/morgenthaler.net\/wordpress\/wp-content\/uploads\/2023\/11\/profiler_euro-batschka-300x278.jpg 300w, https:\/\/morgenthaler.net\/wordpress\/wp-content\/uploads\/2023\/11\/profiler_euro-batschka-768x712.jpg 768w, https:\/\/morgenthaler.net\/wordpress\/wp-content\/uploads\/2023\/11\/profiler_euro-batschka-960x890.jpg 960w\" sizes=\"auto, (max-width: 1024px) 100vw, 1024px\" \/><figcaption id=\"caption-attachment-1119\" class=\"wp-caption-text\">Bild: publicprofiler.org (2017, edited site author)<\/figcaption><\/figure>\n<p>&nbsp;<\/p>\n<figure id=\"attachment_347\" aria-describedby=\"caption-attachment-347\" style=\"width: 625px\" class=\"wp-caption alignleft\"><a href=\"https:\/\/morgenthaler.net\/wordpress\/wp-content\/uploads\/2017\/03\/profiler_world.jpg\"><img loading=\"lazy\" decoding=\"async\" class=\"wp-image-347 size-large\" src=\"https:\/\/morgenthaler.net\/wordpress\/wp-content\/uploads\/2017\/03\/profiler_world-1024x523.jpg\" alt=\"Namensverteilung Morgenthaler weltweit\" width=\"625\" height=\"319\" srcset=\"https:\/\/morgenthaler.net\/wordpress\/wp-content\/uploads\/2017\/03\/profiler_world-1024x523.jpg 1024w, https:\/\/morgenthaler.net\/wordpress\/wp-content\/uploads\/2017\/03\/profiler_world-300x153.jpg 300w, https:\/\/morgenthaler.net\/wordpress\/wp-content\/uploads\/2017\/03\/profiler_world-768x392.jpg 768w, https:\/\/morgenthaler.net\/wordpress\/wp-content\/uploads\/2017\/03\/profiler_world-960x490.jpg 960w, https:\/\/morgenthaler.net\/wordpress\/wp-content\/uploads\/2017\/03\/profiler_world.jpg 1806w\" sizes=\"auto, (max-width: 625px) 100vw, 625px\" \/><\/a><figcaption id=\"caption-attachment-347\" class=\"wp-caption-text\">Bild: publicprofiler.org (2017)<\/figcaption><\/figure>\n","protected":false},"excerpt":{"rendered":"<p>Der Familiennamen Morgenthaler entstammt\u00a0der Bennung einer Person nach ihrer geografischen Herkunft: die Person vom Morgen-Thal. (fr\u00fchere Schreibweise von Tal war Thal) Aber wo k\u00f6nnte dieses Morgenthal gelegen haben? Gab es vielleicht auch mehrere Morgen-T\u00e4ler und hat sich somit der Name mehrmals entwickelt? Diese Seite soll versuchen, solche Fragen zu beantworten. Morgenthaler in der Schweiz Jeder <a href=\"https:\/\/morgenthaler.net\/wordpress\/de\/herkunft-morgenthaler\/\" class=\"more-link\">...continue reading<span class=\"screen-reader-text\"> \"Herkunft Morgenthaler\"<\/span><\/a><\/p>\n","protected":false},"author":1,"featured_media":0,"parent":0,"menu_order":0,"comment_status":"closed","ping_status":"closed","template":"","meta":{"footnotes":""},"class_list":["post-113","page","type-page","status-publish","h-entry","hentry","h-as-page"],"_links":{"self":[{"href":"https:\/\/morgenthaler.net\/wordpress\/wp-json\/wp\/v2\/pages\/113","targetHints":{"allow":["GET"]}}],"collection":[{"href":"https:\/\/morgenthaler.net\/wordpress\/wp-json\/wp\/v2\/pages"}],"about":[{"href":"https:\/\/morgenthaler.net\/wordpress\/wp-json\/wp\/v2\/types\/page"}],"author":[{"embeddable":true,"href":"https:\/\/morgenthaler.net\/wordpress\/wp-json\/wp\/v2\/users\/1"}],"replies":[{"embeddable":true,"href":"https:\/\/morgenthaler.net\/wordpress\/wp-json\/wp\/v2\/comments?post=113"}],"version-history":[{"count":36,"href":"https:\/\/morgenthaler.net\/wordpress\/wp-json\/wp\/v2\/pages\/113\/revisions"}],"predecessor-version":[{"id":1167,"href":"https:\/\/morgenthaler.net\/wordpress\/wp-json\/wp\/v2\/pages\/113\/revisions\/1167"}],"wp:attachment":[{"href":"https:\/\/morgenthaler.net\/wordpress\/wp-json\/wp\/v2\/media?parent=113"}],"curies":[{"name":"wp","href":"https:\/\/api.w.org\/{rel}","templated":true}]}}