{"id":124,"date":"2017-03-18T17:42:29","date_gmt":"2017-03-18T17:42:29","guid":{"rendered":"http:\/\/morgenthaler.net\/wordpress\/?page_id=124"},"modified":"2018-04-04T08:32:08","modified_gmt":"2018-04-04T06:32:08","slug":"judische-morgentaler","status":"publish","type":"page","link":"https:\/\/morgenthaler.net\/wordpress\/de\/judische-morgentaler\/","title":{"rendered":"J\u00fcdische Morgentaler"},"content":{"rendered":"<p>W\u00e4hrend dem 2. Weltkrieg gab es in Polen vor allem in Lodz\u00a0mehrere j\u00fcdische Morgen<span style=\"color: #ff0000;\">t<\/span>aler (Schreibweise <span style=\"color: #ff0000;\">ohne <em>th<\/em><\/span>). <a href=\"http:\/\/yvng.yadvashem.org\/\" target=\"_blank\" rel=\"noopener\">Die zentrale Datenbank f\u00fcr Holocoast-Opfer<\/a> enth\u00e4lt zahlreiche\u00a0Morgen<span style=\"color: #ff0000;\">t<\/span>aler-Opfer mit offensichtlich j\u00fcdischen Vornamen. Die\u00a0wenigen \u00dcberlebenden dieser polnischen Juden wanderten nach Nordamerika aus. Es ist unwahrscheinlich, dass diese j\u00fcdischen Morgen<span style=\"color: #ff0000;\">t<\/span>aler in einem Zusammenhang stehen stehen zum hier behandelten Namen Morgen<span style=\"color: #ff0000;\">th<\/span>aler mit Ursprung in der Schweiz oder in S\u00fcddeutschland.<\/p>\n<p style=\"text-align: left;\" align=\"right\">Es kann von einer eigenst\u00e4ndigen, unabh\u00e4ngige\u00a0Entstehung\u00a0des Namens Morgen<span style=\"color: #ff0000;\">t<\/span>aler unter <a href=\"http:\/\/en.wikipedia.org\/wiki\/Ashkenazi_Jews\" target=\"_blank\" rel=\"noopener\">ashkenasischen Juden<\/a> im deutschsprachigen Raum ausgegangen werden. Dort sind auch die Wurzeln bekannter j\u00fcdischer Familiennamen mit Deutschen Elementen; beispielsweise Goldblum, Golstein, Rosen<span style=\"color: #ff0000;\">th<\/span>al\u00a0oder Feigenbaum.<\/p>\n<p style=\"text-align: left;\" align=\"right\">Offen bleibt die Frage, wieso\u00a0Morgen<span style=\"color: #ff0000;\">t<\/span>aler - im Gegesatz etwa zu Rosen<span style=\"color: #ff0000;\">th<\/span>al -\u00a0ohne th geschreiben wird, wo doch bis zur Duden-Reform von 1902 sowohl <em>das Tal<\/em> als auch <em>der Taler<\/em> mit <em>th<\/em> geschreiben wurde. Hier ist eine Theorie dazu (von Goldie Morgentaler, Kanada): Ein Grund k\u00f6nnte die Verwendung der jiddischen Sprache in der ashkenasischen Bev\u00f6lkerung sein: Jiddisch wurde traditionsgem\u00e4ss\u00a0mit dem hebr\u00e4ischen Alphabet geschrieben, welches phonetisch ist und kein <em>th<\/em>-Laut\u00a0enth\u00e4lt. Bei der sp\u00e4teren Namensschreibung auf Deutsch\u00a0mit lateinischem Alphabet wurde nur ein <em>t<\/em> geschrieben.<\/p>\n<p style=\"text-align: left;\" align=\"right\">Bitte kontaktieren Sie <a href=\"https:\/\/morgenthaler.net\/wordpress\/de\/impressum\/\">den Seitenautor<\/a>, falls Sie \u00fcber Ideen, Theorien oder Quellen zu diesem Thema verf\u00fcgen.<\/p>\n","protected":false},"excerpt":{"rendered":"<p>W\u00e4hrend dem 2. Weltkrieg gab es in Polen vor allem in Lodz\u00a0mehrere j\u00fcdische Morgentaler (Schreibweise ohne th). Die zentrale Datenbank f\u00fcr Holocoast-Opfer enth\u00e4lt zahlreiche\u00a0Morgentaler-Opfer mit offensichtlich j\u00fcdischen Vornamen. Die\u00a0wenigen \u00dcberlebenden dieser polnischen Juden wanderten nach Nordamerika aus. Es ist unwahrscheinlich, dass diese j\u00fcdischen Morgentaler in einem Zusammenhang stehen stehen zum hier behandelten Namen Morgenthaler mit <a href=\"https:\/\/morgenthaler.net\/wordpress\/de\/judische-morgentaler\/\" class=\"more-link\">...continue reading<span class=\"screen-reader-text\"> \"J\u00fcdische Morgentaler\"<\/span><\/a><\/p>\n","protected":false},"author":1,"featured_media":0,"parent":0,"menu_order":0,"comment_status":"closed","ping_status":"closed","template":"","meta":{"footnotes":""},"class_list":["post-124","page","type-page","status-publish","h-entry","hentry","h-as-page"],"_links":{"self":[{"href":"https:\/\/morgenthaler.net\/wordpress\/wp-json\/wp\/v2\/pages\/124","targetHints":{"allow":["GET"]}}],"collection":[{"href":"https:\/\/morgenthaler.net\/wordpress\/wp-json\/wp\/v2\/pages"}],"about":[{"href":"https:\/\/morgenthaler.net\/wordpress\/wp-json\/wp\/v2\/types\/page"}],"author":[{"embeddable":true,"href":"https:\/\/morgenthaler.net\/wordpress\/wp-json\/wp\/v2\/users\/1"}],"replies":[{"embeddable":true,"href":"https:\/\/morgenthaler.net\/wordpress\/wp-json\/wp\/v2\/comments?post=124"}],"version-history":[{"count":9,"href":"https:\/\/morgenthaler.net\/wordpress\/wp-json\/wp\/v2\/pages\/124\/revisions"}],"predecessor-version":[{"id":731,"href":"https:\/\/morgenthaler.net\/wordpress\/wp-json\/wp\/v2\/pages\/124\/revisions\/731"}],"wp:attachment":[{"href":"https:\/\/morgenthaler.net\/wordpress\/wp-json\/wp\/v2\/media?parent=124"}],"curies":[{"name":"wp","href":"https:\/\/api.w.org\/{rel}","templated":true}]}}