{"id":187,"date":"2023-12-26T18:31:38","date_gmt":"2023-12-26T17:31:38","guid":{"rendered":"http:\/\/morgenthaler.net\/wordpress\/?page_id=187"},"modified":"2023-12-27T12:13:24","modified_gmt":"2023-12-27T11:13:24","slug":"impressum","status":"publish","type":"page","link":"https:\/\/morgenthaler.net\/wordpress\/de\/impressum\/","title":{"rendered":"Impressum"},"content":{"rendered":"<p align=\"left\"><strong>\u00dcber diese Seite<\/strong><br \/>\nEnde der 1990er-Jahre wollte sich ein US-amerikanischer Morgenthaler eine verl\u00e4ssliche Mailadresse f\u00fcr sein Gesch\u00e4ft sichern. So wurde www.morgenthaler.net registriert. Sp\u00e4ter entstand daraus die Familienseite seiner grossen, amerikanischen Morgenthaler Familie. Zudem konnten sich alle interessierten Morgenthaler rund um den Globus ihre individuelle Mailadresse sichern.<br \/>\n2002 wurde die Seite zum heutigen Namensportal ausgebaut. Es soll eine Sammlung von Morgenthaler Netz-Pr\u00e4senz und Familien-Informationen aus aller Welt sein. 2017 wurde das Namensportal erneuert und mehrsprachig gestaltet.<\/p>\n<p align=\"left\"><strong>Datenschutz<br \/>\n<\/strong>Die Betreiber dieser Seite haben kein Interessen an einer Datenerfassung der Webseitenbesucher und nehmen auch keine solche vor.<br \/>\nDatenerfassung geschieht automatisch von unserem verwendeten <a href=\"https:\/\/de.wikipedia.org\/wiki\/WordPress\" target=\"_blank\" rel=\"noopener\">Webseiten-System WordPress<\/a>. Das sind vor allem technische Daten (z.B. Internetbrowser, Betriebssystem oder Uhrzeit des Seitenaufrufs). Ihre Erfassung\u00a0 erfolgt automatisch, sobald Sie unsere Website betreten. Dabei wird auch Ihr Surf-Verhalten statistisch ausgewertet werden. Das geschieht vor allem mit Cookies, kleinen Textdateien, die automatisch auf Ihrem Computer-System gespeichert werden. Die Analyse Ihres Surf-Verhaltens erfolgt anonym; das Surf-Verhalten kann nicht zu Ihnen zur\u00fcckverfolgt werden. Sie k\u00f6nnen die Speicherung solcher Cookies in Ihrem Internetbrowser deaktivieren.<\/p>\n<p align=\"left\"><strong>Links<\/strong><br \/>\nDie Hyperlinks dieser Seite sind eine Sammlung namens-relevanter Ressourcen. Die Seitenbetreiber sind nicht verantwortlich f\u00fcr deren Inhalt und Korrektheit.<\/p>\n<p><strong>Kontaktperson f\u00fcr dieses Morgenthaler Namensportal:<br \/>\n<\/strong>Reto Morgenthaler<br \/>\nGerberweg 9<br \/>\n2560 Nidau<br \/>\nSchweiz<br \/>\n+41 32 322 25 25<br \/>\n<a href=\"&#109;&#x61;i&#108;&#x74;o&#58;&#x72;e&#x74;&#x6f;&#64;&#x6d;o&#114;&#x67;e&#110;&#x74;h&#x61;&#x6c;&#101;&#x72;&#x2e;&#110;&#x65;t\">&#114;e&#x74;o&#x40;m&#x6f;&#114;&#x67;&#101;&#x6e;&#116;h&#x61;l&#x65;r&#x2e;&#110;&#x65;&#116;<\/a><\/p>\n<p style=\"text-align: left;\" align=\"left\"><strong>Seitenbilder<\/strong><br \/>\nDie breitformatigen Bilder der Webseite sind Fotografien aus dem schweizerischen Emmental, einem der m\u00f6glichen Ursprungs-Gebiete des Familiennamens. Die Urheber der Bilder wurden um Erlaubnis zur Verwendung auf dieser Seite angefragt, sofern sie kontaktiert werden konnten.<\/p>\n<figure id=\"attachment_530\" aria-describedby=\"caption-attachment-530\" style=\"width: 300px\" class=\"wp-caption alignleft\"><img loading=\"lazy\" decoding=\"async\" class=\"wp-image-530 size-medium\" src=\"https:\/\/morgenthaler.net\/wordpress\/wp-content\/uploads\/2017\/03\/Sitebanner6_Morgenthaler_net_400pix-300x50.jpg\" alt=\"\" width=\"300\" height=\"50\" srcset=\"https:\/\/morgenthaler.net\/wordpress\/wp-content\/uploads\/2017\/03\/Sitebanner6_Morgenthaler_net_400pix-300x50.jpg 300w, https:\/\/morgenthaler.net\/wordpress\/wp-content\/uploads\/2017\/03\/Sitebanner6_Morgenthaler_net_400pix.jpg 400w\" sizes=\"auto, (max-width: 300px) 100vw, 300px\" \/><figcaption id=\"caption-attachment-530\" class=\"wp-caption-text\">Foto: <a href=\"http:\/\/www.naturbild.ch\">Martin M\u00e4gli, Naturbild<\/a><\/figcaption><\/figure>\n<figure id=\"attachment_529\" aria-describedby=\"caption-attachment-529\" style=\"width: 300px\" class=\"wp-caption alignleft\"><img loading=\"lazy\" decoding=\"async\" class=\"wp-image-529 size-medium\" src=\"https:\/\/morgenthaler.net\/wordpress\/wp-content\/uploads\/2017\/03\/Sitebanner3_Morgenthaler_net_400pix-300x50.jpg\" alt=\"\" width=\"300\" height=\"50\" srcset=\"https:\/\/morgenthaler.net\/wordpress\/wp-content\/uploads\/2017\/03\/Sitebanner3_Morgenthaler_net_400pix-300x50.jpg 300w, https:\/\/morgenthaler.net\/wordpress\/wp-content\/uploads\/2017\/03\/Sitebanner3_Morgenthaler_net_400pix.jpg 400w\" sizes=\"auto, (max-width: 300px) 100vw, 300px\" \/><figcaption id=\"caption-attachment-529\" class=\"wp-caption-text\">Foto: <a href=\"http:\/\/www.panoramio.com\/user\/2154826\">User \"Pipo63\", Panoramio<\/a><\/figcaption><\/figure>\n<figure id=\"attachment_528\" aria-describedby=\"caption-attachment-528\" style=\"width: 300px\" class=\"wp-caption alignleft\"><img loading=\"lazy\" decoding=\"async\" class=\"wp-image-528 size-medium\" src=\"https:\/\/morgenthaler.net\/wordpress\/wp-content\/uploads\/2017\/03\/Sitebanner2_Morgenthaler_net_400pix-300x50.jpg\" alt=\"\" width=\"300\" height=\"50\" srcset=\"https:\/\/morgenthaler.net\/wordpress\/wp-content\/uploads\/2017\/03\/Sitebanner2_Morgenthaler_net_400pix-300x50.jpg 300w, https:\/\/morgenthaler.net\/wordpress\/wp-content\/uploads\/2017\/03\/Sitebanner2_Morgenthaler_net_400pix.jpg 400w\" sizes=\"auto, (max-width: 300px) 100vw, 300px\" \/><figcaption id=\"caption-attachment-528\" class=\"wp-caption-text\">Foto: <a href=\"http:\/\/www.fotocommunity.de\/fotograf\/kurt-schlatter\/1693602\">Kurt Schlatter, Fotocommunity<\/a><\/figcaption><\/figure>\n<figure id=\"attachment_527\" aria-describedby=\"caption-attachment-527\" style=\"width: 300px\" class=\"wp-caption alignleft\"><img loading=\"lazy\" decoding=\"async\" class=\"wp-image-527 size-medium\" src=\"https:\/\/morgenthaler.net\/wordpress\/wp-content\/uploads\/2017\/03\/Sitebanner1_Morgenthaler_net_400pix-300x50.jpg\" alt=\"\" width=\"300\" height=\"50\" srcset=\"https:\/\/morgenthaler.net\/wordpress\/wp-content\/uploads\/2017\/03\/Sitebanner1_Morgenthaler_net_400pix-300x50.jpg 300w, https:\/\/morgenthaler.net\/wordpress\/wp-content\/uploads\/2017\/03\/Sitebanner1_Morgenthaler_net_400pix-768x128.jpg 768w, https:\/\/morgenthaler.net\/wordpress\/wp-content\/uploads\/2017\/03\/Sitebanner1_Morgenthaler_net_400pix-960x160.jpg 960w, https:\/\/morgenthaler.net\/wordpress\/wp-content\/uploads\/2017\/03\/Sitebanner1_Morgenthaler_net_400pix.jpg 1000w\" sizes=\"auto, (max-width: 300px) 100vw, 300px\" \/><figcaption id=\"caption-attachment-527\" class=\"wp-caption-text\">Foto: <a href=\"http:\/\/www.fotocommunity.de\/fotograf\/kurt-schlatter\/1693602\">Kurt Schlatter, Fotocommunity<\/a><\/figcaption><\/figure>\n","protected":false},"excerpt":{"rendered":"<p>\u00dcber diese Seite Ende der 1990er-Jahre wollte sich ein US-amerikanischer Morgenthaler eine verl\u00e4ssliche Mailadresse f\u00fcr sein Gesch\u00e4ft sichern. So wurde www.morgenthaler.net registriert. Sp\u00e4ter entstand daraus die Familienseite seiner grossen, amerikanischen Morgenthaler Familie. Zudem konnten sich alle interessierten Morgenthaler rund um den Globus ihre individuelle Mailadresse sichern. 2002 wurde die Seite zum heutigen Namensportal ausgebaut. Es <a href=\"https:\/\/morgenthaler.net\/wordpress\/de\/impressum\/\" class=\"more-link\">...continue reading<span class=\"screen-reader-text\"> \"Impressum\"<\/span><\/a><\/p>\n","protected":false},"author":1,"featured_media":0,"parent":0,"menu_order":0,"comment_status":"closed","ping_status":"closed","template":"","meta":{"footnotes":""},"class_list":["post-187","page","type-page","status-publish","h-entry","hentry","h-as-page"],"_links":{"self":[{"href":"https:\/\/morgenthaler.net\/wordpress\/wp-json\/wp\/v2\/pages\/187","targetHints":{"allow":["GET"]}}],"collection":[{"href":"https:\/\/morgenthaler.net\/wordpress\/wp-json\/wp\/v2\/pages"}],"about":[{"href":"https:\/\/morgenthaler.net\/wordpress\/wp-json\/wp\/v2\/types\/page"}],"author":[{"embeddable":true,"href":"https:\/\/morgenthaler.net\/wordpress\/wp-json\/wp\/v2\/users\/1"}],"replies":[{"embeddable":true,"href":"https:\/\/morgenthaler.net\/wordpress\/wp-json\/wp\/v2\/comments?post=187"}],"version-history":[{"count":29,"href":"https:\/\/morgenthaler.net\/wordpress\/wp-json\/wp\/v2\/pages\/187\/revisions"}],"predecessor-version":[{"id":1150,"href":"https:\/\/morgenthaler.net\/wordpress\/wp-json\/wp\/v2\/pages\/187\/revisions\/1150"}],"wp:attachment":[{"href":"https:\/\/morgenthaler.net\/wordpress\/wp-json\/wp\/v2\/media?parent=187"}],"curies":[{"name":"wp","href":"https:\/\/api.w.org\/{rel}","templated":true}]}}