{"id":227,"date":"2017-03-19T17:06:05","date_gmt":"2017-03-19T16:06:05","guid":{"rendered":"http:\/\/morgenthaler.net\/wordpress\/?page_id=227"},"modified":"2017-05-03T14:01:27","modified_gmt":"2017-05-03T12:01:27","slug":"familienwappen","status":"publish","type":"page","link":"https:\/\/morgenthaler.net\/wordpress\/de\/familienwappen\/","title":{"rendered":"Familienwappen"},"content":{"rendered":"<p><strong>Herkunft der Wappen<\/strong><\/p>\n<p>Der Ursprung des Wortes Wappen liegt im Mittelalter. \"Wappen\" hiess mittelhochdeutsch \"Waffen\" und bedeutete die Gesamtheit von Waffe, Schwert, R\u00fcstung und Erkennungszeichen der mittelalterlichen Ritter. Der Panzer sch\u00fctzte; verunm\u00f6glichte jedoch, den Feind vom Freund zu unterscheiden. Darum brauchte der Ritter ein pers\u00f6nliches Abzeichen. Zur Abbildung des eigneten sich Schild, Helm, Helmdecke, Rock, Pferdemantel, Wimpel oder Siegel.<\/p>\n<p><strong>Vom Kriegswappen zum Familienwappen<\/strong><\/p>\n<p>Mit dem Niedergang des Rittertums Ende des 14. Jahrhunderts verselbst\u00e4ndigte sich das Wappenwesen. Schilde und R\u00fcstungen wurden nur noch zu den Turnieren verwendet. Der Begriff \"Wappen\" trennte sich vom Wort \"Waffen\" zum heute \u00fcblichen Bedeutungsunterschied.<\/p>\n<p>Die Abbildungen der Schilde und Helme blieben erhalten, und dienten zun\u00e4chst adeligen, bald auch b\u00fcrgerlichen und b\u00e4uerlichen Familien als Kennzeichen der Herkunft. Das Familienwappen war geboren.<\/p>\n<p><strong>Die Heraldik<\/strong><\/p>\n<p>Der Begriff \"Heraldik\" leitet sich von den Aufgaben der mittelalterlichen Herolde ab, die wichtige Mitteilungen verbreiteten und bei ritterlichen Turnieren f\u00fcr die Einhaltung der Ordnung sorgten.<\/p>\n<p>Heute bezeichnet die Heraldik die Gebiete der Wappenkunde, der Wappenkunst und des Wappenrechts.<\/p>\n<p><strong>Die Vielfalt der Familienwappen<\/strong><\/p>\n<p>Ein Familienwappen darf nach den Regeln der Heraldik nur dann verwendet werden, wenn es direkte Vorfahren benutzt haben; etwa auf Gegenst\u00e4nden, Bildern, Siegeln, oder Grabmalen. Dazu kann eingehende Familienforschung n\u00f6tig sein.<\/p>\n<p>Ergibt die Familienforschung kein eindeutiges Wappen der eigenen Vorfahren, wurde oft ein neues geschaffen, das sich an bestehende Wappen anlehnt, in Einzelheiten oder Farbgebung aber von ihnen abweicht.\u00a0 Deshalb sind oft \u00e4hnliche Wappen in Variationen zu finden.<\/p>\n<p><strong>Manche Morgenthaler Familien in der Schweiz und in Deutschland verf\u00fcgen \u00fcber Familienwappen, welche hier gesammelt werden<\/strong><\/p>\n<p><em><strong>Kanton Bern<\/strong><\/em><\/p>\n<div id='gallery-1' class='gallery galleryid-227 gallery-columns-3 gallery-size-full'><figure class='gallery-item'>\n\t\t\t<div class='gallery-icon portrait'>\n\t\t\t\t<a href='https:\/\/morgenthaler.net\/wordpress\/wp-content\/uploads\/2017\/03\/affoltern_be.gif'><img loading=\"lazy\" decoding=\"async\" width=\"155\" height=\"189\" src=\"https:\/\/morgenthaler.net\/wordpress\/wp-content\/uploads\/2017\/03\/affoltern_be.gif\" class=\"attachment-full size-full\" alt=\"\" aria-describedby=\"gallery-1-236\" \/><\/a>\n\t\t\t<\/div>\n\t\t\t\t<figcaption class='wp-caption-text gallery-caption' id='gallery-1-236'>\n\t\t\t\tAffoltern (BE), Variante 1\n\t\t\t\t<\/figcaption><\/figure><figure class='gallery-item'>\n\t\t\t<div class='gallery-icon landscape'>\n\t\t\t\t<a href='https:\/\/morgenthaler.net\/wordpress\/wp-content\/uploads\/2017\/03\/affoltern_emmental.gif'><img loading=\"lazy\" decoding=\"async\" width=\"155\" height=\"151\" src=\"https:\/\/morgenthaler.net\/wordpress\/wp-content\/uploads\/2017\/03\/affoltern_emmental.gif\" class=\"attachment-full size-full\" alt=\"\" aria-describedby=\"gallery-1-237\" \/><\/a>\n\t\t\t<\/div>\n\t\t\t\t<figcaption class='wp-caption-text gallery-caption' id='gallery-1-237'>\n\t\t\t\tAffoltern (BE) Variante 2\n\t\t\t\t<\/figcaption><\/figure><figure class='gallery-item'>\n\t\t\t<div class='gallery-icon portrait'>\n\t\t\t\t<a href='https:\/\/morgenthaler.net\/wordpress\/wp-content\/uploads\/2017\/03\/duerrenroth_be.gif'><img loading=\"lazy\" decoding=\"async\" width=\"155\" height=\"190\" src=\"https:\/\/morgenthaler.net\/wordpress\/wp-content\/uploads\/2017\/03\/duerrenroth_be.gif\" class=\"attachment-full size-full\" alt=\"\" aria-describedby=\"gallery-1-242\" \/><\/a>\n\t\t\t<\/div>\n\t\t\t\t<figcaption class='wp-caption-text gallery-caption' id='gallery-1-242'>\n\t\t\t\tD\u00fcrrenroth (BE)\n\t\t\t\t<\/figcaption><\/figure><figure class='gallery-item'>\n\t\t\t<div class='gallery-icon portrait'>\n\t\t\t\t<a href='https:\/\/morgenthaler.net\/wordpress\/wp-content\/uploads\/2017\/03\/walterswil_be.gif'><img loading=\"lazy\" decoding=\"async\" width=\"155\" height=\"189\" src=\"https:\/\/morgenthaler.net\/wordpress\/wp-content\/uploads\/2017\/03\/walterswil_be.gif\" class=\"attachment-full size-full\" alt=\"\" aria-describedby=\"gallery-1-246\" \/><\/a>\n\t\t\t<\/div>\n\t\t\t\t<figcaption class='wp-caption-text gallery-caption' id='gallery-1-246'>\n\t\t\t\tWalterswil (BE), Variante 2\n\t\t\t\t<\/figcaption><\/figure><figure class='gallery-item'>\n\t\t\t<div class='gallery-icon portrait'>\n\t\t\t\t<a href='https:\/\/morgenthaler.net\/wordpress\/wp-content\/uploads\/2017\/03\/morgenthaler_walterswil.jpg'><img loading=\"lazy\" decoding=\"async\" width=\"150\" height=\"180\" src=\"https:\/\/morgenthaler.net\/wordpress\/wp-content\/uploads\/2017\/03\/morgenthaler_walterswil.jpg\" class=\"attachment-full size-full\" alt=\"\" aria-describedby=\"gallery-1-550\" \/><\/a>\n\t\t\t<\/div>\n\t\t\t\t<figcaption class='wp-caption-text gallery-caption' id='gallery-1-550'>\n\t\t\t\tWalterswil (BE), Variante 2\n\t\t\t\t<\/figcaption><\/figure><figure class='gallery-item'>\n\t\t\t<div class='gallery-icon portrait'>\n\t\t\t\t<a href='https:\/\/morgenthaler.net\/wordpress\/wp-content\/uploads\/2017\/03\/ursenbach_be.gif'><img loading=\"lazy\" decoding=\"async\" width=\"155\" height=\"173\" src=\"https:\/\/morgenthaler.net\/wordpress\/wp-content\/uploads\/2017\/03\/ursenbach_be.gif\" class=\"attachment-full size-full\" alt=\"\" aria-describedby=\"gallery-1-245\" \/><\/a>\n\t\t\t<\/div>\n\t\t\t\t<figcaption class='wp-caption-text gallery-caption' id='gallery-1-245'>\n\t\t\t\tUrsenbach (BE)\n\t\t\t\t<\/figcaption><\/figure>\n\t\t<\/div>\n\n<p><em><strong>Kanton Aargau<\/strong><\/em><\/p>\n<div id='gallery-2' class='gallery galleryid-227 gallery-columns-3 gallery-size-full'><figure class='gallery-item'>\n\t\t\t<div class='gallery-icon landscape'>\n\t\t\t\t<a href='https:\/\/morgenthaler.net\/wordpress\/wp-content\/uploads\/2017\/03\/attelwil_ag.gif'><img loading=\"lazy\" decoding=\"async\" width=\"155\" height=\"151\" src=\"https:\/\/morgenthaler.net\/wordpress\/wp-content\/uploads\/2017\/03\/attelwil_ag.gif\" class=\"attachment-full size-full\" alt=\"\" aria-describedby=\"gallery-2-240\" \/><\/a>\n\t\t\t<\/div>\n\t\t\t\t<figcaption class='wp-caption-text gallery-caption' id='gallery-2-240'>\n\t\t\t\tAttelwil (AG) Variante 1\n\t\t\t\t<\/figcaption><\/figure><figure class='gallery-item'>\n\t\t\t<div class='gallery-icon portrait'>\n\t\t\t\t<a href='https:\/\/morgenthaler.net\/wordpress\/wp-content\/uploads\/2017\/03\/morgenthaler_staatsarchiv_bern.jpg'><img loading=\"lazy\" decoding=\"async\" width=\"150\" height=\"180\" src=\"https:\/\/morgenthaler.net\/wordpress\/wp-content\/uploads\/2017\/03\/morgenthaler_staatsarchiv_bern.jpg\" class=\"attachment-full size-full\" alt=\"\" aria-describedby=\"gallery-2-552\" \/><\/a>\n\t\t\t<\/div>\n\t\t\t\t<figcaption class='wp-caption-text gallery-caption' id='gallery-2-552'>\n\t\t\t\tAttelwil (AG), Variante 2\n\t\t\t\t<\/figcaption><\/figure><figure class='gallery-item'>\n\t\t\t<div class='gallery-icon portrait'>\n\t\t\t\t<a href='https:\/\/morgenthaler.net\/wordpress\/wp-content\/uploads\/2017\/03\/attelwil_2.gif'><img loading=\"lazy\" decoding=\"async\" width=\"155\" height=\"205\" src=\"https:\/\/morgenthaler.net\/wordpress\/wp-content\/uploads\/2017\/03\/attelwil_2.gif\" class=\"attachment-full size-full\" alt=\"\" aria-describedby=\"gallery-2-239\" \/><\/a>\n\t\t\t<\/div>\n\t\t\t\t<figcaption class='wp-caption-text gallery-caption' id='gallery-2-239'>\n\t\t\t\tAttelwil (AG), Variante 3\n\t\t\t\t<\/figcaption><\/figure><figure class='gallery-item'>\n\t\t\t<div class='gallery-icon landscape'>\n\t\t\t\t<a href='https:\/\/morgenthaler.net\/wordpress\/wp-content\/uploads\/2017\/03\/uerkheim_ag.gif'><img loading=\"lazy\" decoding=\"async\" width=\"155\" height=\"151\" src=\"https:\/\/morgenthaler.net\/wordpress\/wp-content\/uploads\/2017\/03\/uerkheim_ag.gif\" class=\"attachment-full size-full\" alt=\"\" aria-describedby=\"gallery-2-244\" \/><\/a>\n\t\t\t<\/div>\n\t\t\t\t<figcaption class='wp-caption-text gallery-caption' id='gallery-2-244'>\n\t\t\t\tUerkheim (AG)\n\t\t\t\t<\/figcaption><\/figure><figure class='gallery-item'>\n\t\t\t<div class='gallery-icon landscape'>\n\t\t\t\t<a href='https:\/\/morgenthaler.net\/wordpress\/wp-content\/uploads\/2017\/03\/staffelbach_ag.gif'><img loading=\"lazy\" decoding=\"async\" width=\"155\" height=\"151\" src=\"https:\/\/morgenthaler.net\/wordpress\/wp-content\/uploads\/2017\/03\/staffelbach_ag.gif\" class=\"attachment-full size-full\" alt=\"\" aria-describedby=\"gallery-2-243\" \/><\/a>\n\t\t\t<\/div>\n\t\t\t\t<figcaption class='wp-caption-text gallery-caption' id='gallery-2-243'>\n\t\t\t\tStaffelbach (AG)\n\t\t\t\t<\/figcaption><\/figure>\n\t\t<\/div>\n\n<p>Quelle f\u00fcr manche dieser Wappen: <a href=\"http:\/\/www.chgh.net\/\" target=\"_blank\" rel=\"noopener noreferrer\">http:\/\/www.chgh.net\/<\/a><\/p>\n<p><strong>Anwendungen von Wappen<br \/>\n<\/strong><div id=\"envira-gallery-wrap-606\" class=\"envira-gallery-wrap envira-gallery-theme-base envira-lightbox-theme-base\" itemscope itemtype=\"https:\/\/schema.org\/ImageGallery\"><div data-row-height=\"\" data-gallery-theme=\"\" id=\"envira-gallery-606\" class=\"envira-gallery-public  envira-gallery-2-columns envira-clear enviratope envira-gallery-css-animations\" data-envira-columns=\"2\"><div id=\"envira-gallery-item-607\" class=\"envira-gallery-item enviratope-item envira-gallery-item-1 envira-lazy-load\" style=\"padding-left: 5px; padding-bottom: 10px; padding-right: 5px;\"  itemscope itemtype=\"https:\/\/schema.org\/ImageObject\"><div class=\"envira-gallery-item-inner\"><div class=\"envira-gallery-position-overlay  envira-gallery-top-left\"><\/div><div class=\"envira-gallery-position-overlay  envira-gallery-top-right\"><\/div><div class=\"envira-gallery-position-overlay  envira-gallery-bottom-left\"><\/div><div class=\"envira-gallery-position-overlay  envira-gallery-bottom-right\"><\/div><a href=\"https:\/\/morgenthaler.net\/wordpress\/wp-content\/uploads\/2017\/05\/Morg_Ursenbach.jpg\" class=\"envira-gallery-606 envira-gallery-link\" rel=\"enviragallery606\" title=\"Wappen auf Glas \/ on glass\" data-envira-caption=\"Wappen auf Glas \/ on glass\" data-envira-retina=\"\" data-thumbnail=\"\"  itemprop=\"contentUrl\"><div class=\"envira-lazy\" data-test-width=\"640\" data-test-height=\"480\" style=\"padding-bottom:75%;\"><img decoding=\"async\" id=\"envira-gallery-image-607\" class=\"envira-gallery-image envira-gallery-image-1\" data-envira-index=\"1\" src=\"https:\/\/morgenthaler.net\/wordpress\/wp-content\/uploads\/2017\/05\/Morg_Ursenbach-960x992-640x480.jpg\" data-envira-src=\"https:\/\/morgenthaler.net\/wordpress\/wp-content\/uploads\/2017\/05\/Morg_Ursenbach-960x992-640x480.jpg\" data-envira-gallery-id=\"606\" data-envira-item-id=\"607\" data-envira-caption=\"Wappen auf Glas \/ on glass\" alt=\"Morgenthaler-Wappen auf Glas\" title=\"Wappen auf Glas \/ on glass\"  itemprop=\"thumbnailUrl\" data-envira-srcset=\"https:\/\/morgenthaler.net\/wordpress\/wp-content\/uploads\/2017\/05\/Morg_Ursenbach-960x992-640x480.jpg 400w,https:\/\/morgenthaler.net\/wordpress\/wp-content\/uploads\/2017\/05\/Morg_Ursenbach-960x992-640x480.jpg 2x\" srcset=\"data:image\/gif;base64,R0lGODlhAQABAIAAAP\/\/\/\/\/\/\/yH5BAEKAAEALAAAAAABAAEAAAICTAEAOw==\" \/><\/div><\/a><\/div><\/div><div id=\"envira-gallery-item-617\" class=\"envira-gallery-item enviratope-item envira-gallery-item-2 envira-lazy-load\" style=\"padding-left: 5px; padding-bottom: 10px; padding-right: 5px;\"  itemscope itemtype=\"https:\/\/schema.org\/ImageObject\"><div class=\"envira-gallery-item-inner\"><div class=\"envira-gallery-position-overlay  envira-gallery-top-left\"><\/div><div class=\"envira-gallery-position-overlay  envira-gallery-top-right\"><\/div><div class=\"envira-gallery-position-overlay  envira-gallery-bottom-left\"><\/div><div class=\"envira-gallery-position-overlay  envira-gallery-bottom-right\"><\/div><a href=\"https:\/\/morgenthaler.net\/wordpress\/wp-content\/uploads\/2017\/05\/IMG_1967-1.jpg\" class=\"envira-gallery-606 envira-gallery-link\" rel=\"enviragallery606\" title=\"Wappen auf Holzteller \/ on wooden plate\" data-envira-caption=\"Wappen auf Holzteller \/ on wooden plate\" data-envira-retina=\"\" data-thumbnail=\"\"  itemprop=\"contentUrl\"><div class=\"envira-lazy\" data-test-width=\"640\" data-test-height=\"480\" style=\"padding-bottom:75%;\"><img decoding=\"async\" id=\"envira-gallery-image-617\" class=\"envira-gallery-image envira-gallery-image-2\" data-envira-index=\"2\" src=\"https:\/\/morgenthaler.net\/wordpress\/wp-content\/uploads\/2017\/05\/IMG_1967-1-960x1280-640x480.jpg\" data-envira-src=\"https:\/\/morgenthaler.net\/wordpress\/wp-content\/uploads\/2017\/05\/IMG_1967-1-960x1280-640x480.jpg\" data-envira-gallery-id=\"606\" data-envira-item-id=\"617\" data-envira-caption=\"Wappen auf Holzteller \/ on wooden plate\" alt=\"Morgenthaler-Wappen auf Holz \/ Morgenthaler enblem on wood\" title=\"Wappen auf Holzteller \/ on wooden plate\"  itemprop=\"thumbnailUrl\" data-envira-srcset=\"https:\/\/morgenthaler.net\/wordpress\/wp-content\/uploads\/2017\/05\/IMG_1967-1-960x1280-640x480.jpg 400w,https:\/\/morgenthaler.net\/wordpress\/wp-content\/uploads\/2017\/05\/IMG_1967-1-960x1280-640x480.jpg 2x\" srcset=\"data:image\/gif;base64,R0lGODlhAQABAIAAAP\/\/\/\/\/\/\/yH5BAEKAAEALAAAAAABAAEAAAICTAEAOw==\" \/><\/div><\/a><\/div><\/div><\/div><\/div><noscript><img decoding=\"async\" src=\"https:\/\/morgenthaler.net\/wordpress\/wp-content\/uploads\/2017\/05\/Morg_Ursenbach.jpg\" alt=\"Morgenthaler-Wappen auf Glas\" \/><img decoding=\"async\" src=\"https:\/\/morgenthaler.net\/wordpress\/wp-content\/uploads\/2017\/05\/IMG_1967-1.jpg\" alt=\"Morgenthaler-Wappen auf Holz \/ Morgenthaler enblem on wood\" \/><\/noscript><\/p>\n<p>Tragen Sie zur Erweiterung dieser Morgenthaler Sammlung bei! Senden Sie Scans oder digitale Fotos an den <a href=\"https:\/\/morgenthaler.net\/wordpress\/de\/impressum\/\">Seitenautor<\/a>.<\/p>\n","protected":false},"excerpt":{"rendered":"<p>Herkunft der Wappen Der Ursprung des Wortes Wappen liegt im Mittelalter. \"Wappen\" hiess mittelhochdeutsch \"Waffen\" und bedeutete die Gesamtheit von Waffe, Schwert, R\u00fcstung und Erkennungszeichen der mittelalterlichen Ritter. Der Panzer sch\u00fctzte; verunm\u00f6glichte jedoch, den Feind vom Freund zu unterscheiden. Darum brauchte der Ritter ein pers\u00f6nliches Abzeichen. Zur Abbildung des eigneten sich Schild, Helm, Helmdecke, Rock, <a href=\"https:\/\/morgenthaler.net\/wordpress\/de\/familienwappen\/\" class=\"more-link\">...continue reading<span class=\"screen-reader-text\"> \"Familienwappen\"<\/span><\/a><\/p>\n","protected":false},"author":1,"featured_media":0,"parent":0,"menu_order":0,"comment_status":"closed","ping_status":"closed","template":"","meta":{"footnotes":""},"class_list":["post-227","page","type-page","status-publish","h-entry","hentry","h-as-page"],"_links":{"self":[{"href":"https:\/\/morgenthaler.net\/wordpress\/wp-json\/wp\/v2\/pages\/227","targetHints":{"allow":["GET"]}}],"collection":[{"href":"https:\/\/morgenthaler.net\/wordpress\/wp-json\/wp\/v2\/pages"}],"about":[{"href":"https:\/\/morgenthaler.net\/wordpress\/wp-json\/wp\/v2\/types\/page"}],"author":[{"embeddable":true,"href":"https:\/\/morgenthaler.net\/wordpress\/wp-json\/wp\/v2\/users\/1"}],"replies":[{"embeddable":true,"href":"https:\/\/morgenthaler.net\/wordpress\/wp-json\/wp\/v2\/comments?post=227"}],"version-history":[{"count":16,"href":"https:\/\/morgenthaler.net\/wordpress\/wp-json\/wp\/v2\/pages\/227\/revisions"}],"predecessor-version":[{"id":608,"href":"https:\/\/morgenthaler.net\/wordpress\/wp-json\/wp\/v2\/pages\/227\/revisions\/608"}],"wp:attachment":[{"href":"https:\/\/morgenthaler.net\/wordpress\/wp-json\/wp\/v2\/media?parent=227"}],"curies":[{"name":"wp","href":"https:\/\/api.w.org\/{rel}","templated":true}]}}