{"id":447,"date":"2017-03-23T20:07:39","date_gmt":"2017-03-23T19:07:39","guid":{"rendered":"http:\/\/morgenthaler.net\/wordpress\/?page_id=447"},"modified":"2017-12-26T18:28:04","modified_gmt":"2017-12-26T17:28:04","slug":"stammbaume","status":"publish","type":"page","link":"https:\/\/morgenthaler.net\/wordpress\/de\/stammbaume\/","title":{"rendered":"Morgenthaler Stammb\u00e4ume"},"content":{"rendered":"<p>Stammbaum der Morgenthalers von Jarek, Serbien. Urspr\u00fcnglich aus Ursenbach, Schweiz. Geht zur\u00fcck bis Hans Murgenthaler (geb. 1626). Johannes Heinrich Morgenthaler wanderte 1745 nach Deutschland aus.<br \/>\n<a href=\"https:\/\/morgenthaler.net\/wordpress\/wp-content\/uploads\/2017\/03\/jarek_high.pdf\">Hoch aufl\u00f6sendes pdf (11 MB)<\/a><br \/>\nQuelle: <a href=\"http:\/\/www.hog-jarek.de\/\" target=\"_blank\" rel=\"noopener\">http:\/\/www.hog-jarek.de\/<\/a><\/p>\n<p>Tragen Sie zur Erweiterung dieser Morgenthaler Sammlung bei! Senden Sie Scans oder digitale Fotos an den <a href=\"https:\/\/morgenthaler.net\/wordpress\/de\/impressum\/\">Seitenautor<\/a>.<\/p>\n","protected":false},"excerpt":{"rendered":"<p>Stammbaum der Morgenthalers von Jarek, Serbien. Urspr\u00fcnglich aus Ursenbach, Schweiz. Geht zur\u00fcck bis Hans Murgenthaler (geb. 1626). Johannes Heinrich Morgenthaler wanderte 1745 nach Deutschland aus. Hoch aufl\u00f6sendes pdf (11 MB) Quelle: http:\/\/www.hog-jarek.de\/ Tragen Sie zur Erweiterung dieser Morgenthaler Sammlung bei! Senden Sie Scans oder digitale Fotos an den Seitenautor.<\/p>\n","protected":false},"author":1,"featured_media":0,"parent":0,"menu_order":0,"comment_status":"closed","ping_status":"closed","template":"","meta":{"footnotes":""},"class_list":["post-447","page","type-page","status-publish","h-entry","hentry","h-as-page"],"_links":{"self":[{"href":"https:\/\/morgenthaler.net\/wordpress\/wp-json\/wp\/v2\/pages\/447","targetHints":{"allow":["GET"]}}],"collection":[{"href":"https:\/\/morgenthaler.net\/wordpress\/wp-json\/wp\/v2\/pages"}],"about":[{"href":"https:\/\/morgenthaler.net\/wordpress\/wp-json\/wp\/v2\/types\/page"}],"author":[{"embeddable":true,"href":"https:\/\/morgenthaler.net\/wordpress\/wp-json\/wp\/v2\/users\/1"}],"replies":[{"embeddable":true,"href":"https:\/\/morgenthaler.net\/wordpress\/wp-json\/wp\/v2\/comments?post=447"}],"version-history":[{"count":3,"href":"https:\/\/morgenthaler.net\/wordpress\/wp-json\/wp\/v2\/pages\/447\/revisions"}],"predecessor-version":[{"id":660,"href":"https:\/\/morgenthaler.net\/wordpress\/wp-json\/wp\/v2\/pages\/447\/revisions\/660"}],"wp:attachment":[{"href":"https:\/\/morgenthaler.net\/wordpress\/wp-json\/wp\/v2\/media?parent=447"}],"curies":[{"name":"wp","href":"https:\/\/api.w.org\/{rel}","templated":true}]}}