{"id":80,"date":"2025-05-26T13:09:46","date_gmt":"2025-05-26T11:09:46","guid":{"rendered":"http:\/\/morgenthaler.net\/wordpress\/?page_id=80"},"modified":"2025-05-26T19:50:45","modified_gmt":"2025-05-26T17:50:45","slug":"history-familyname","status":"publish","type":"page","link":"https:\/\/morgenthaler.net\/wordpress\/en\/history-familyname\/","title":{"rendered":"History familyname"},"content":{"rendered":"<p align=\"left\"><strong>General background of family names in germanic Europe<\/strong><\/p>\n<p align=\"left\">Before there were towns, one\u00a0simple name was sufficient for persons. Two identical names on farms or in villages were seldom used or never caused a problem.<\/p>\n<p align=\"left\">However, as civilisation in towns developped in the 11th century, many persons with the same name lived together, which\u00a0could cause confusions. The growth of population, trade and prefering\u00a0certain names made the situation worse. The following brought clarification:<\/p>\n<div align=\"left\">\n<ul>\n<li>The name was used\u00a0followed by the father's name and\u00a0grandfather's name.<\/li>\n<li>Persons were called more precisely: James the miller, Olaf the red, Peter the short.<\/li>\n<li>Using family names for generations had already been a traditon in northern Italy. Between the 8th and 11th centruy, this tradition slowly wandered through Italy and France towards the southern germanic areas of Europe, from where it started to spread widely; first in towns along the river Rhine and later all over central Europe.<\/li>\n<\/ul>\n<\/div>\n<p align=\"left\">All these elements came together in the process of using family names. They\u00a0were first used of people of noble birth and among the population of towns, later also in rural and remote areas. Only by the 17th and 18th century family names were used all over Europe.<\/p>\n<p>Additional reasons for the use of family names were:<\/p>\n<ul>\n<li>Administration and taxation of the population, which necessitated precise identification.<\/li>\n<li>Inheritance of rights and property required a clear assignment and thus naming of the family line.<\/li>\n<\/ul>\n<p>Many family names clearly reveal their origin:<\/p>\n<p><strong>Occupation:<\/strong> M\u00fcller (miller), Weber (weaver), Holzer (woodcutter), K\u00fcffer (cooper), J\u00e4ger (hunter), Gerber (tanner), Schmid (smith), Fischer (fisher), Ritter (knight).<br \/>\n<strong>Physical traits:<\/strong> Gross (tall), Roth (red-haired), D\u00fcrr (thin), Dick (fat), Ruch (rough-looking).<br \/>\n<strong>Character traits:<\/strong> Grob (rude), H\u00e4ssig (grumpy), Keck (bold).<br \/>\n<strong>Geographic origin:<\/strong> Schweizer (Swiss), Freiburghaus (from Freiburg), Jaberg, Abplanalp, Frick, M\u00fchlethaler.<br \/>\n<strong>Paternal or maternal lineage:<\/strong> Peter, J\u00fcrgens, Gretens.<\/p>\n<p>Other family names, however, do not directly reveal their background without a well-founded understanding of the origin of the word.<\/p>\n<p align=\"left\">Please contact <a href=\"https:\/\/morgenthaler.net\/wordpress\/en\/site-notice\/\">the site author<\/a> if you have additional, different or new information about this subject.<\/p>\n","protected":false},"excerpt":{"rendered":"<p>General background of family names in germanic Europe Before there were towns, one\u00a0simple name was sufficient for persons. Two identical names on farms or in villages were seldom used or never caused a problem. However, as civilisation in towns developped in the 11th century, many persons with the same name lived together, which\u00a0could cause confusions. <a href=\"https:\/\/morgenthaler.net\/wordpress\/en\/history-familyname\/\" class=\"more-link\">...continue reading<span class=\"screen-reader-text\"> \"History familyname\"<\/span><\/a><\/p>\n","protected":false},"author":1,"featured_media":0,"parent":0,"menu_order":0,"comment_status":"closed","ping_status":"closed","template":"","meta":{"footnotes":""},"class_list":["post-80","page","type-page","status-publish","h-entry","hentry","h-as-page"],"_links":{"self":[{"href":"https:\/\/morgenthaler.net\/wordpress\/wp-json\/wp\/v2\/pages\/80","targetHints":{"allow":["GET"]}}],"collection":[{"href":"https:\/\/morgenthaler.net\/wordpress\/wp-json\/wp\/v2\/pages"}],"about":[{"href":"https:\/\/morgenthaler.net\/wordpress\/wp-json\/wp\/v2\/types\/page"}],"author":[{"embeddable":true,"href":"https:\/\/morgenthaler.net\/wordpress\/wp-json\/wp\/v2\/users\/1"}],"replies":[{"embeddable":true,"href":"https:\/\/morgenthaler.net\/wordpress\/wp-json\/wp\/v2\/comments?post=80"}],"version-history":[{"count":6,"href":"https:\/\/morgenthaler.net\/wordpress\/wp-json\/wp\/v2\/pages\/80\/revisions"}],"predecessor-version":[{"id":1166,"href":"https:\/\/morgenthaler.net\/wordpress\/wp-json\/wp\/v2\/pages\/80\/revisions\/1166"}],"wp:attachment":[{"href":"https:\/\/morgenthaler.net\/wordpress\/wp-json\/wp\/v2\/media?parent=80"}],"curies":[{"name":"wp","href":"https:\/\/api.w.org\/{rel}","templated":true}]}}